{"id":948,"date":"2022-06-24T17:30:08","date_gmt":"2022-06-24T20:30:08","guid":{"rendered":"https:\/\/artpen.com.br\/loja\/?post_type=product&#038;p=948"},"modified":"2022-06-24T17:30:48","modified_gmt":"2022-06-24T20:30:48","slug":"placa-de-decoracao","status":"publish","type":"product","link":"https:\/\/artpen.com.br\/loja\/product\/placa-de-decoracao\/","title":{"rendered":"Placa de Decora\u00e7\u00e3o"},"content":{"rendered":"<p>E que tal uma placa como essa para decorar sua casa? ?<br \/>\n.<br \/>\nPor se tratar de uma pe\u00e7a feita a m\u00e3o servir\u00e1 para abrilhantar qualquer ambiente da sua casa. ??<br \/>\nPlaca de pinus com pintura feita \u00e0 m\u00e3o, dispon\u00edvel em nossa loja.<br \/>\n.<\/p>\n","protected":false},"excerpt":{"rendered":"<p>E que tal uma placa como essa para decorar sua casa? ? . Por se tratar de uma pe\u00e7a feita a m\u00e3o servir\u00e1 para abrilhantar qualquer ambiente da sua casa. ?? Placa de pinus com pintura feita \u00e0 m\u00e3o, dispon\u00edvel em nossa loja. .<\/p>\n","protected":false},"featured_media":949,"comment_status":"open","ping_status":"closed","template":"","meta":{"_mo_disable_npp":""},"product_cat":[99,103],"product_tag":[],"class_list":{"0":"post-948","1":"product","2":"type-product","3":"status-publish","4":"has-post-thumbnail","6":"product_cat-madeiras","7":"product_cat-pinturas","9":"first","10":"instock","11":"sale","12":"shipping-taxable","13":"purchasable","14":"product-type-simple"},"_links":{"self":[{"href":"https:\/\/artpen.com.br\/loja\/wp-json\/wp\/v2\/product\/948","targetHints":{"allow":["GET"]}}],"collection":[{"href":"https:\/\/artpen.com.br\/loja\/wp-json\/wp\/v2\/product"}],"about":[{"href":"https:\/\/artpen.com.br\/loja\/wp-json\/wp\/v2\/types\/product"}],"replies":[{"embeddable":true,"href":"https:\/\/artpen.com.br\/loja\/wp-json\/wp\/v2\/comments?post=948"}],"wp:featuredmedia":[{"embeddable":true,"href":"https:\/\/artpen.com.br\/loja\/wp-json\/wp\/v2\/media\/949"}],"wp:attachment":[{"href":"https:\/\/artpen.com.br\/loja\/wp-json\/wp\/v2\/media?parent=948"}],"wp:term":[{"taxonomy":"product_cat","embeddable":true,"href":"https:\/\/artpen.com.br\/loja\/wp-json\/wp\/v2\/product_cat?post=948"},{"taxonomy":"product_tag","embeddable":true,"href":"https:\/\/artpen.com.br\/loja\/wp-json\/wp\/v2\/product_tag?post=948"}],"curies":[{"name":"wp","href":"https:\/\/api.w.org\/{rel}","templated":true}]}}