{"id":3,"date":"2022-04-20T20:02:09","date_gmt":"2022-04-20T23:02:09","guid":{"rendered":"http:\/\/artpen.com.br\/loja\/?page_id=3"},"modified":"2022-06-26T17:51:05","modified_gmt":"2022-06-26T20:51:05","slug":"politica-de-privacidade","status":"publish","type":"page","link":"https:\/\/artpen.com.br\/loja\/politica-de-privacidade\/","title":{"rendered":"Pol\u00edtica de privacidade"},"content":{"rendered":"\t\t<div data-elementor-type=\"wp-page\" data-elementor-id=\"3\" class=\"elementor elementor-3\">\n\t\t\t\t\t\t\t\t\t<section class=\"elementor-section elementor-top-section elementor-element elementor-element-68256f5f elementor-section-boxed elementor-section-height-default elementor-section-height-default\" data-id=\"68256f5f\" data-element_type=\"section\">\n\t\t\t\n\t\t\t\t\t\t\t\t\t<div class=\"elementor-container elementor-column-gap-default\">\n\t\t\t\t\t\t\t\t\t\t\t<div class=\"elementor-column elementor-col-100 elementor-top-column elementor-element elementor-element-64f27f0a\" data-id=\"64f27f0a\" data-element_type=\"column\">\n\n\t\t\t\t\t<div class=\"elementor-widget-wrap elementor-element-populated\">\n\t\t\t\t\t\t\t\t<div class=\"elementor-element elementor-element-418d8023 elementor-widget elementor-widget-text-editor\" data-id=\"418d8023\" data-element_type=\"widget\" data-widget_type=\"text-editor.default\">\n\t\t\t\t<div class=\"elementor-widget-container\">\n\t\t\t<style>\/*! elementor - v3.6.7 - 03-07-2022 *\/\n.elementor-widget-text-editor.elementor-drop-cap-view-stacked .elementor-drop-cap{background-color:#818a91;color:#fff}.elementor-widget-text-editor.elementor-drop-cap-view-framed .elementor-drop-cap{color:#818a91;border:3px solid;background-color:transparent}.elementor-widget-text-editor:not(.elementor-drop-cap-view-default) .elementor-drop-cap{margin-top:8px}.elementor-widget-text-editor:not(.elementor-drop-cap-view-default) .elementor-drop-cap-letter{width:1em;height:1em}.elementor-widget-text-editor .elementor-drop-cap{float:left;text-align:center;line-height:1;font-size:50px}.elementor-widget-text-editor .elementor-drop-cap-letter{display:inline-block}<\/style>\t\t\t\t<!-- wp:heading -->\n<h2>Pol\u00edtica de Privacidade<\/h2>\n<!-- \/wp:heading --><!-- wp:paragraph -->\n<p>A Art Pen tem o compromisso com a privacidade e a seguran\u00e7a de seus clientes durante todo o processo de navega\u00e7\u00e3o e compra pelo site. Os dados cadastrais dos clientes n\u00e3o s\u00e3o vendidos, trocados ou divulgados para terceiros, exceto quando essas informa\u00e7\u00f5es s\u00e3o necess\u00e1rias para o processo de entrega, para cobran\u00e7a.<br \/>Durante todo este processo mantemos suas informa\u00e7\u00f5es em sigilo absoluto. Vale lembrar que seus dados s\u00e3o registrados de forma automatizada, dispensando manipula\u00e7\u00e3o humana.<br \/><br \/>Para que estes dados permane\u00e7am intactos, n\u00f3s desaconselhamos expressamente a divulga\u00e7\u00e3o de sua senha a terceiros, mesmo a amigos e parentes.<\/p>\n<!-- \/wp:paragraph -->\t\t\t\t\t\t<\/div>\n\t\t\t\t<\/div>\n\t\t\t\t\t<\/div>\n\t\t\t\t<\/div>\n\t\t\t\t\t\t<\/div>\n\t\t\t\t<\/section>\n\t\t\t\t\t\t\t<\/div>\n\t\t","protected":false},"excerpt":{"rendered":"<p>Pol\u00edtica de Privacidade A Art Pen tem o compromisso com a privacidade e a seguran\u00e7a de seus clientes durante todo o processo de navega\u00e7\u00e3o e compra pelo site. Os dados cadastrais dos clientes n\u00e3o s\u00e3o vendidos, trocados ou divulgados para terceiros, exceto quando essas informa\u00e7\u00f5es s\u00e3o necess\u00e1rias para o processo de entrega, para cobran\u00e7a.Durante todo [&hellip;]<\/p>\n","protected":false},"author":1,"featured_media":0,"parent":0,"menu_order":0,"comment_status":"closed","ping_status":"open","template":"","meta":{"_mo_disable_npp":"","footnotes":""},"class_list":["post-3","page","type-page","status-publish","hentry"],"_links":{"self":[{"href":"https:\/\/artpen.com.br\/loja\/wp-json\/wp\/v2\/pages\/3","targetHints":{"allow":["GET"]}}],"collection":[{"href":"https:\/\/artpen.com.br\/loja\/wp-json\/wp\/v2\/pages"}],"about":[{"href":"https:\/\/artpen.com.br\/loja\/wp-json\/wp\/v2\/types\/page"}],"author":[{"embeddable":true,"href":"https:\/\/artpen.com.br\/loja\/wp-json\/wp\/v2\/users\/1"}],"replies":[{"embeddable":true,"href":"https:\/\/artpen.com.br\/loja\/wp-json\/wp\/v2\/comments?post=3"}],"version-history":[{"count":6,"href":"https:\/\/artpen.com.br\/loja\/wp-json\/wp\/v2\/pages\/3\/revisions"}],"predecessor-version":[{"id":1089,"href":"https:\/\/artpen.com.br\/loja\/wp-json\/wp\/v2\/pages\/3\/revisions\/1089"}],"wp:attachment":[{"href":"https:\/\/artpen.com.br\/loja\/wp-json\/wp\/v2\/media?parent=3"}],"curies":[{"name":"wp","href":"https:\/\/api.w.org\/{rel}","templated":true}]}}