{"id":1150,"date":"2022-06-26T23:24:26","date_gmt":"2022-06-27T02:24:26","guid":{"rendered":"https:\/\/artpen.com.br\/loja\/?page_id=1150"},"modified":"2022-06-26T23:38:37","modified_gmt":"2022-06-27T02:38:37","slug":"a-art-pen","status":"publish","type":"page","link":"https:\/\/artpen.com.br\/loja\/a-art-pen\/","title":{"rendered":"A Art Pen"},"content":{"rendered":"\t\t<div data-elementor-type=\"wp-page\" data-elementor-id=\"1150\" class=\"elementor elementor-1150\">\n\t\t\t\t\t\t\t\t\t<section class=\"elementor-section elementor-top-section elementor-element elementor-element-17f29d0 elementor-section-boxed elementor-section-height-default elementor-section-height-default\" data-id=\"17f29d0\" data-element_type=\"section\">\n\t\t\t\n\t\t\t\t\t\t\t\t\t<div class=\"elementor-container elementor-column-gap-default\">\n\t\t\t\t\t\t\t\t\t\t\t<div class=\"elementor-column elementor-col-50 elementor-top-column elementor-element elementor-element-6a2a6c6\" data-id=\"6a2a6c6\" data-element_type=\"column\">\n\n\t\t\t\t\t<div class=\"elementor-widget-wrap elementor-element-populated\">\n\t\t\t\t\t\t\t\t<div class=\"elementor-element elementor-element-ac32396 elementor-widget elementor-widget-image-carousel\" data-id=\"ac32396\" data-element_type=\"widget\" data-settings=\"{&quot;slides_to_show&quot;:&quot;1&quot;,&quot;navigation&quot;:&quot;none&quot;,&quot;effect&quot;:&quot;fade&quot;,&quot;autoplay&quot;:&quot;yes&quot;,&quot;pause_on_hover&quot;:&quot;yes&quot;,&quot;pause_on_interaction&quot;:&quot;yes&quot;,&quot;autoplay_speed&quot;:5000,&quot;infinite&quot;:&quot;yes&quot;,&quot;speed&quot;:500}\" data-widget_type=\"image-carousel.default\">\n\t\t\t\t<div class=\"elementor-widget-container\">\n\t\t\t<style>\/*! elementor - v3.6.7 - 03-07-2022 *\/\n.elementor-widget-image-carousel .swiper-container{position:static}.elementor-widget-image-carousel .swiper-container .swiper-slide figure{line-height:inherit}.elementor-widget-image-carousel .swiper-slide{text-align:center}.elementor-image-carousel-wrapper:not(.swiper-container-initialized) .swiper-slide{max-width:calc(100% \/ var(--e-image-carousel-slides-to-show, 3))}<\/style>\t\t<div class=\"elementor-image-carousel-wrapper swiper-container\" dir=\"ltr\">\n\t\t\t<div class=\"elementor-image-carousel swiper-wrapper swiper-image-stretch\">\n\t\t\t\t\t\t\t\t<div class=\"swiper-slide\"><figure class=\"swiper-slide-inner\"><img decoding=\"async\" class=\"swiper-slide-image\" src=\"https:\/\/artpen.com.br\/loja\/wp-content\/uploads\/2022\/06\/quemsomos2-1.png\" alt=\"quemsomos2-1\" \/><\/figure><\/div><div class=\"swiper-slide\"><figure class=\"swiper-slide-inner\"><img decoding=\"async\" class=\"swiper-slide-image\" src=\"https:\/\/artpen.com.br\/loja\/wp-content\/uploads\/2022\/06\/quemsomos-1.png\" alt=\"quemsomos-1\" \/><\/figure><\/div>\t\t\t<\/div>\n\t\t\t\t\t\t\t\t\t\t\t\t\t\t\t\t<\/div>\n\t\t\t\t<\/div>\n\t\t\t\t<\/div>\n\t\t\t\t\t<\/div>\n\t\t\t\t<\/div>\n\t\t\t\t<div class=\"elementor-column elementor-col-50 elementor-top-column elementor-element elementor-element-ccf98d6\" data-id=\"ccf98d6\" data-element_type=\"column\">\n\n\t\t\t\t\t<div class=\"elementor-widget-wrap elementor-element-populated\">\n\t\t\t\t\t\t\t\t<div class=\"elementor-element elementor-element-2fed09e elementor-widget elementor-widget-heading\" data-id=\"2fed09e\" data-element_type=\"widget\" data-widget_type=\"heading.default\">\n\t\t\t\t<div class=\"elementor-widget-container\">\n\t\t\t<style>\/*! elementor - v3.6.7 - 03-07-2022 *\/\n.elementor-heading-title{padding:0;margin:0;line-height:1}.elementor-widget-heading .elementor-heading-title[class*=elementor-size-]>a{color:inherit;font-size:inherit;line-height:inherit}.elementor-widget-heading .elementor-heading-title.elementor-size-small{font-size:15px}.elementor-widget-heading .elementor-heading-title.elementor-size-medium{font-size:19px}.elementor-widget-heading .elementor-heading-title.elementor-size-large{font-size:29px}.elementor-widget-heading .elementor-heading-title.elementor-size-xl{font-size:39px}.elementor-widget-heading .elementor-heading-title.elementor-size-xxl{font-size:59px}<\/style><h2 class=\"elementor-heading-title elementor-size-default\">A Art Pen<\/h2>\t\t<\/div>\n\t\t\t\t<\/div>\n\t\t\t\t<div class=\"elementor-element elementor-element-b598cea elementor-widget elementor-widget-text-editor\" data-id=\"b598cea\" data-element_type=\"widget\" data-widget_type=\"text-editor.default\">\n\t\t\t\t<div class=\"elementor-widget-container\">\n\t\t\t<style>\/*! elementor - v3.6.7 - 03-07-2022 *\/\n.elementor-widget-text-editor.elementor-drop-cap-view-stacked .elementor-drop-cap{background-color:#818a91;color:#fff}.elementor-widget-text-editor.elementor-drop-cap-view-framed .elementor-drop-cap{color:#818a91;border:3px solid;background-color:transparent}.elementor-widget-text-editor:not(.elementor-drop-cap-view-default) .elementor-drop-cap{margin-top:8px}.elementor-widget-text-editor:not(.elementor-drop-cap-view-default) .elementor-drop-cap-letter{width:1em;height:1em}.elementor-widget-text-editor .elementor-drop-cap{float:left;text-align:center;line-height:1;font-size:50px}.elementor-widget-text-editor .elementor-drop-cap-letter{display:inline-block}<\/style>\t\t\t\t<div class=\"wpb_text_column wpb_content_element wpb_animate_when_almost_visible wpb_fadeInUp fadeInUp wpb_start_animation animated\"><div class=\"wpb_wrapper\"><p>O artesanato de Penedo, Alagoas destaca-se com multiplicidades de pe\u00e7as, com muitos detalhes, confeccionadas em palha, cip\u00f3, fibras, madeira e modulagem com diversos tipos de mat\u00e9rias, pinturas diversas, artes quilombola entre outros.<\/p><p>Na costura, o diferencial s\u00e3o os retalhos, os bordados, os fuxicos, as rendas e as suas mais variadas t\u00e9cnicas.<\/p><p>Mesmo com toda esta variedade artesanal, n\u00e3o existia nenhuma organiza\u00e7\u00e3o que conseguisse unificar todos os segmentos artesanais. Foi neste momento que o idealizador da Art Pen se reuniu com diversos artes\u00e3os e artes\u00e3s de Penedo, que estavam desassistidos e buscou agrup\u00e1-los atrav\u00e9s do associativismo, foram 25 que entenderam que este momento era o ideal para esta mudan\u00e7a e que juntos poder\u00edamos ressignificar todo o artesanato do baixo S\u00e3o Francisco.<\/p><p>Ap\u00f3s muitas delibera\u00e7\u00f5es, resolveram criar a Associa\u00e7\u00e3o,aos dias 22 do m\u00eas de outubro de 2018, em Assembleia de Constitui\u00e7\u00e3o foi pelos presentes, fundada a Art Pen-Associa\u00e7\u00e3o dos Artes\u00e3os de Penedo e regi\u00f5es de AL, registada e legalizada.<\/p><\/div><\/div><div class=\"wpb_text_column wpb_content_element wpb_animate_when_almost_visible wpb_fadeInUp fadeInUp wpb_start_animation animated\"><div class=\"wpb_wrapper\"><p>O artesanato penedense vem deste abundante legado cultural, devido as suas tradi\u00e7\u00f5es artesanais influenciadas pela miscigena\u00e7\u00e3o de diversos povos, fez com que as pe\u00e7as e as artesanias desta localidade do pa\u00eds se tornassem bem diversificada.<\/p><\/div><\/div>\t\t\t\t\t\t<\/div>\n\t\t\t\t<\/div>\n\t\t\t\t\t<\/div>\n\t\t\t\t<\/div>\n\t\t\t\t\t\t<\/div>\n\t\t\t\t<\/section>\n\t\t\t\t<section class=\"elementor-section elementor-top-section elementor-element elementor-element-d7da378 elementor-section-boxed elementor-section-height-default elementor-section-height-default\" data-id=\"d7da378\" data-element_type=\"section\">\n\t\t\t\n\t\t\t\t\t\t\t\t\t<div class=\"elementor-container elementor-column-gap-default\">\n\t\t\t\t\t\t\t\t\t\t\t<div class=\"elementor-column elementor-col-50 elementor-top-column elementor-element elementor-element-483ec1d\" data-id=\"483ec1d\" data-element_type=\"column\">\n\n\t\t\t\t\t<div class=\"elementor-widget-wrap elementor-element-populated\">\n\t\t\t\t\t\t\t\t<div class=\"elementor-element elementor-element-2c12fe1 elementor-widget elementor-widget-accordion\" data-id=\"2c12fe1\" data-element_type=\"widget\" data-widget_type=\"accordion.default\">\n\t\t\t\t<div class=\"elementor-widget-container\">\n\t\t\t<style>.elementor-accordion{text-align:left}.elementor-accordion .elementor-accordion-item{border:1px solid #d4d4d4}.elementor-accordion .elementor-accordion-item+.elementor-accordion-item{border-top:none}.elementor-accordion .elementor-tab-title{margin:0;padding:15px 20px;font-weight:700;line-height:1;cursor:pointer;outline:none}.elementor-accordion .elementor-tab-title .elementor-accordion-icon{display:inline-block;width:1.5em}.elementor-accordion .elementor-tab-title .elementor-accordion-icon svg{width:1em;height:1em}.elementor-accordion .elementor-tab-title .elementor-accordion-icon.elementor-accordion-icon-right{float:right;text-align:right}.elementor-accordion .elementor-tab-title .elementor-accordion-icon.elementor-accordion-icon-left{float:left;text-align:left}.elementor-accordion .elementor-tab-title .elementor-accordion-icon .elementor-accordion-icon-closed{display:block}.elementor-accordion .elementor-tab-title .elementor-accordion-icon .elementor-accordion-icon-opened,.elementor-accordion .elementor-tab-title.elementor-active .elementor-accordion-icon-closed{display:none}.elementor-accordion .elementor-tab-title.elementor-active .elementor-accordion-icon-opened{display:block}.elementor-accordion .elementor-tab-content{display:none;padding:15px 20px;border-top:1px solid #d4d4d4}@media (max-width:767px){.elementor-accordion .elementor-tab-title{padding:12px 15px}.elementor-accordion .elementor-tab-title .elementor-accordion-icon{width:1.2em}.elementor-accordion .elementor-tab-content{padding:7px 15px}}<\/style>\t\t<div class=\"elementor-accordion\" role=\"tablist\">\n\t\t\t\t\t\t\t<div class=\"elementor-accordion-item\">\n\t\t\t\t\t<div id=\"elementor-tab-title-4621\" class=\"elementor-tab-title\" data-tab=\"1\" role=\"tab\" aria-controls=\"elementor-tab-content-4621\" aria-expanded=\"false\">\n\t\t\t\t\t\t\t\t\t\t\t\t\t<span class=\"elementor-accordion-icon elementor-accordion-icon-left\" aria-hidden=\"true\">\n\t\t\t\t\t\t\t\t\t\t\t\t\t\t\t<span class=\"elementor-accordion-icon-closed\"><i class=\"fas fa-plus\"><\/i><\/span>\n\t\t\t\t\t\t\t\t<span class=\"elementor-accordion-icon-opened\"><i class=\"fas fa-minus\"><\/i><\/span>\n\t\t\t\t\t\t\t\t\t\t\t\t\t\t<\/span>\n\t\t\t\t\t\t\t\t\t\t\t\t<a class=\"elementor-accordion-title\" href=\"\">Nossa Miss\u00e3o<\/a>\n\t\t\t\t\t<\/div>\n\t\t\t\t\t<div id=\"elementor-tab-content-4621\" class=\"elementor-tab-content elementor-clearfix\" data-tab=\"1\" role=\"tabpanel\" aria-labelledby=\"elementor-tab-title-4621\"><div class=\"toggle-content\"><p>Valorizar a diversidade cultural e art\u00edstica como princ\u00edpio da nossa forma\u00e7\u00e3o, promovendo todos os artes\u00e3os e artes\u00e3s juntos, respeitando as suas diferen\u00e7as e fomentando o ajustamento das tend\u00eancias e interven\u00e7\u00f5es art\u00edstico-culturais, com a\u00e7\u00f5es necess\u00e1rias para constru\u00e7\u00e3o de novas propostas para o mercado s\u00f3cio\/econ\u00f3mico, que hoje, atrav\u00e9s das redes sociais, os levar\u00e1 a atravessar divisas territoriais e socioeducativas, de forma a transferir os conhecimentos dos mestres artes\u00e3os aos jovens e adultos, mantendo a riqueza cultural local.<\/p><p>Para tanto, oferecemos diversas oficinas culturais para crian\u00e7as, adolescentes e adultos, com o intuito de trabalhar n\u00e3o somente as suas habilidades nas atividades das oficinas, mas tamb\u00e9m de promover a inclus\u00e3o social e a cidadania. Para os jovens e adultos, oferecemos cursos de capacita\u00e7\u00e3o e qualifica\u00e7\u00e3o artesanal, visando melhor coloca\u00e7\u00e3o destes, no mercado de trabalho, gerando emprego e renda para a popula\u00e7\u00e3o local.<\/p><p>Toda esta variedade cultural e art\u00edstica da miscigena\u00e7\u00e3o nordestina necessita de est\u00edmulos a uma produ\u00e7\u00e3o voltada para a comercializa\u00e7\u00e3o, respeitando o artes\u00e3o ou artes\u00e3, e a pessoa apreciadora dos trabalhos feitos a m\u00e3o e exclusivos.<\/p><\/div><\/div>\n\t\t\t\t<\/div>\n\t\t\t\t\t\t\t<div class=\"elementor-accordion-item\">\n\t\t\t\t\t<div id=\"elementor-tab-title-4622\" class=\"elementor-tab-title\" data-tab=\"2\" role=\"tab\" aria-controls=\"elementor-tab-content-4622\" aria-expanded=\"false\">\n\t\t\t\t\t\t\t\t\t\t\t\t\t<span class=\"elementor-accordion-icon elementor-accordion-icon-left\" aria-hidden=\"true\">\n\t\t\t\t\t\t\t\t\t\t\t\t\t\t\t<span class=\"elementor-accordion-icon-closed\"><i class=\"fas fa-plus\"><\/i><\/span>\n\t\t\t\t\t\t\t\t<span class=\"elementor-accordion-icon-opened\"><i class=\"fas fa-minus\"><\/i><\/span>\n\t\t\t\t\t\t\t\t\t\t\t\t\t\t<\/span>\n\t\t\t\t\t\t\t\t\t\t\t\t<a class=\"elementor-accordion-title\" href=\"\">\u00c1rea de Atua\u00e7\u00e3o<\/a>\n\t\t\t\t\t<\/div>\n\t\t\t\t\t<div id=\"elementor-tab-content-4622\" class=\"elementor-tab-content elementor-clearfix\" data-tab=\"2\" role=\"tabpanel\" aria-labelledby=\"elementor-tab-title-4622\"><div class=\"toggle-content\"><p><strong>A AR TPEN<\/strong>\u00a0atua como propulsora do artesanato penedense alagoano, inserindo-o em todo o territ\u00f3rio nacional e internacional, buscando constantemente dar maior visibilidade para esta diversifica\u00e7\u00e3o artesanal e art\u00edstica entranhada na popula\u00e7\u00e3o penedense, quebrando paradigmas e aflorando toda a magnitude e exuber\u00e2ncia dos artesanatos ribeirinhos, levando-o a fazer parte do cotidiano decorativo, utilidade dom\u00e9stica ou de uso pessoal.<\/p><p>Organizacionalmente mant\u00e9m os artes\u00e3os em feiras e exposi\u00e7\u00f5es locais, e estaduais, atuando como representante do setor artesanal penedense, mantendo-os atualizados dentro com\u00e9rcio do artesanato nacional.<\/p><p>Entende-se que para isso \u00e9 preciso resgatar as origens, sobretudo atrav\u00e9s do modo de como se vive, da perspectiva do olhar, da maneira de como se trabalha, do conhecimento e do sonhar dos artes\u00e3os, possibilitando que diferentes etnias se manifestem atrav\u00e9s desta miscigena\u00e7\u00e3o, deixando aflorar toda esta heran\u00e7a cultural e art\u00edstica que correm nas veias dos penedenses.<\/p><\/div><\/div>\n\t\t\t\t<\/div>\n\t\t\t\t\t\t\t\t<\/div>\n\t\t\t\t<\/div>\n\t\t\t\t<\/div>\n\t\t\t\t\t<\/div>\n\t\t\t\t<\/div>\n\t\t\t\t<div class=\"elementor-column elementor-col-50 elementor-top-column elementor-element elementor-element-67b91b3\" data-id=\"67b91b3\" data-element_type=\"column\">\n\n\t\t\t\t\t<div class=\"elementor-widget-wrap elementor-element-populated\">\n\t\t\t\t\t\t\t\t<div class=\"elementor-element elementor-element-8474a63 elementor-widget elementor-widget-accordion\" data-id=\"8474a63\" data-element_type=\"widget\" data-widget_type=\"accordion.default\">\n\t\t\t\t<div class=\"elementor-widget-container\">\n\t\t\t\t\t<div class=\"elementor-accordion\" role=\"tablist\">\n\t\t\t\t\t\t\t<div class=\"elementor-accordion-item\">\n\t\t\t\t\t<div id=\"elementor-tab-title-1381\" class=\"elementor-tab-title\" data-tab=\"1\" role=\"tab\" aria-controls=\"elementor-tab-content-1381\" aria-expanded=\"false\">\n\t\t\t\t\t\t\t\t\t\t\t\t\t<span class=\"elementor-accordion-icon elementor-accordion-icon-left\" aria-hidden=\"true\">\n\t\t\t\t\t\t\t\t\t\t\t\t\t\t\t<span class=\"elementor-accordion-icon-closed\"><i class=\"fas fa-plus\"><\/i><\/span>\n\t\t\t\t\t\t\t\t<span class=\"elementor-accordion-icon-opened\"><i class=\"fas fa-minus\"><\/i><\/span>\n\t\t\t\t\t\t\t\t\t\t\t\t\t\t<\/span>\n\t\t\t\t\t\t\t\t\t\t\t\t<a class=\"elementor-accordion-title\" href=\"\">Nossa Hist\u00f3ria<\/a>\n\t\t\t\t\t<\/div>\n\t\t\t\t\t<div id=\"elementor-tab-content-1381\" class=\"elementor-tab-content elementor-clearfix\" data-tab=\"1\" role=\"tabpanel\" aria-labelledby=\"elementor-tab-title-1381\"><div class=\"toggle-content\"><p><strong>A ART PEN<\/strong>, \u00e9 uma sociedade civil sem fins lucrativos, com personalidade jur\u00eddica pr\u00f3pria, que mant\u00e9m sede e foro na Comarca de Penedo, Alagoas.<\/p><p>Possui atividades na \u00e1rea da cultura e da arte, focada no artesanato, tendo a percep\u00e7\u00e3o de que o legado hist\u00f3rico e cultural do artesanato ribeirinho penedense, antes sem um norte, necessitava de ser resgatado, dando maior visibilidade a toda essa diversidade aqui existente.<\/p><p>Considerando que a cidade de Penedo, em Alagoas, \u00e9 culturalmente diversificada, atuante e pluralista, a\u00a0<strong>ART PEN<\/strong>\u00a0quer ressignificar os mais variados segmentos impressos nos artesanatos, buscando valorizar a cultura fundamentada no reconhecimento da legitimidade da presen\u00e7a do outro, da sua atividade criativa, imaginativa, est\u00e9tica e do direito de manifestar o conhecimento do seu mundo, respeitando e valorizando as varia\u00e7\u00f5es culturais e art\u00edsticas atrav\u00e9s dos artesanatos.<\/p><p>Para a\u00a0<strong>ART PEN<\/strong>, o desenvolvimento sustent\u00e1vel da economia penedense \u201cdepender\u00e1 em parte das institui\u00e7\u00f5es\u201d, mas, por outro lado, tamb\u00e9m da sua atua\u00e7\u00e3o, acima de tudo na preserva\u00e7\u00e3o das tradi\u00e7\u00f5es culturais locais.<\/p><\/div><\/div>\n\t\t\t\t<\/div>\n\t\t\t\t\t\t\t\t<\/div>\n\t\t\t\t<\/div>\n\t\t\t\t<\/div>\n\t\t\t\t\t<\/div>\n\t\t\t\t<\/div>\n\t\t\t\t\t\t<\/div>\n\t\t\t\t<\/section>\n\t\t\t\t\t\t\t<\/div>\n\t\t","protected":false},"excerpt":{"rendered":"<p>A Art Pen O artesanato de Penedo, Alagoas destaca-se com multiplicidades de pe\u00e7as, com muitos detalhes, confeccionadas em palha, cip\u00f3, fibras, madeira e modulagem com diversos tipos de mat\u00e9rias, pinturas diversas, artes quilombola entre outros. Na costura, o diferencial s\u00e3o os retalhos, os bordados, os fuxicos, as rendas e as suas mais variadas t\u00e9cnicas. Mesmo [&hellip;]<\/p>\n","protected":false},"author":1,"featured_media":0,"parent":0,"menu_order":0,"comment_status":"closed","ping_status":"closed","template":"","meta":{"_mo_disable_npp":"","footnotes":""},"class_list":["post-1150","page","type-page","status-publish","hentry"],"_links":{"self":[{"href":"https:\/\/artpen.com.br\/loja\/wp-json\/wp\/v2\/pages\/1150","targetHints":{"allow":["GET"]}}],"collection":[{"href":"https:\/\/artpen.com.br\/loja\/wp-json\/wp\/v2\/pages"}],"about":[{"href":"https:\/\/artpen.com.br\/loja\/wp-json\/wp\/v2\/types\/page"}],"author":[{"embeddable":true,"href":"https:\/\/artpen.com.br\/loja\/wp-json\/wp\/v2\/users\/1"}],"replies":[{"embeddable":true,"href":"https:\/\/artpen.com.br\/loja\/wp-json\/wp\/v2\/comments?post=1150"}],"version-history":[{"count":19,"href":"https:\/\/artpen.com.br\/loja\/wp-json\/wp\/v2\/pages\/1150\/revisions"}],"predecessor-version":[{"id":1172,"href":"https:\/\/artpen.com.br\/loja\/wp-json\/wp\/v2\/pages\/1150\/revisions\/1172"}],"wp:attachment":[{"href":"https:\/\/artpen.com.br\/loja\/wp-json\/wp\/v2\/media?parent=1150"}],"curies":[{"name":"wp","href":"https:\/\/api.w.org\/{rel}","templated":true}]}}