{"id":1129,"date":"2022-06-26T23:04:14","date_gmt":"2022-06-27T02:04:14","guid":{"rendered":"https:\/\/artpen.com.br\/loja\/?page_id=1129"},"modified":"2022-06-26T23:19:00","modified_gmt":"2022-06-27T02:19:00","slug":"devolucoes","status":"publish","type":"page","link":"https:\/\/artpen.com.br\/loja\/devolucoes\/","title":{"rendered":"Devolu\u00e7\u00f5es"},"content":{"rendered":"\t\t<div data-elementor-type=\"wp-page\" data-elementor-id=\"1129\" class=\"elementor elementor-1129\">\n\t\t\t\t\t\t\t\t\t<section class=\"elementor-section elementor-top-section elementor-element elementor-element-594d6e4 elementor-section-boxed elementor-section-height-default elementor-section-height-default\" data-id=\"594d6e4\" data-element_type=\"section\">\n\t\t\t\n\t\t\t\t\t\t\t\t\t<div class=\"elementor-container elementor-column-gap-default\">\n\t\t\t\t\t\t\t\t\t\t\t<div class=\"elementor-column elementor-col-100 elementor-top-column elementor-element elementor-element-c44b120\" data-id=\"c44b120\" data-element_type=\"column\">\n\n\t\t\t\t\t<div class=\"elementor-widget-wrap elementor-element-populated\">\n\t\t\t\t\t\t\t\t<div class=\"elementor-element elementor-element-fbe437e elementor-widget elementor-widget-text-editor\" data-id=\"fbe437e\" data-element_type=\"widget\" data-widget_type=\"text-editor.default\">\n\t\t\t\t<div class=\"elementor-widget-container\">\n\t\t\t<style>\/*! elementor - v3.6.7 - 03-07-2022 *\/\n.elementor-widget-text-editor.elementor-drop-cap-view-stacked .elementor-drop-cap{background-color:#818a91;color:#fff}.elementor-widget-text-editor.elementor-drop-cap-view-framed .elementor-drop-cap{color:#818a91;border:3px solid;background-color:transparent}.elementor-widget-text-editor:not(.elementor-drop-cap-view-default) .elementor-drop-cap{margin-top:8px}.elementor-widget-text-editor:not(.elementor-drop-cap-view-default) .elementor-drop-cap-letter{width:1em;height:1em}.elementor-widget-text-editor .elementor-drop-cap{float:left;text-align:center;line-height:1;font-size:50px}.elementor-widget-text-editor .elementor-drop-cap-letter{display:inline-block}<\/style>\t\t\t\t<p><!-- wp:heading --><\/p><h2>Devolu\u00e7\u00f5es<\/h2><p><!-- \/wp:heading --><!-- wp:paragraph --><\/p><p>Nosso compromisso \u00e9 com sua total satisfa\u00e7\u00e3o nas compras realizadas em nosso site.<\/p><p>Visando \u00e0 uma parceria de respeito e confian\u00e7a, possu\u00edmos a Pol\u00edtica de Devolu\u00e7\u00e3o, com base no C\u00f3digo de Defesa do Consumidor.<br \/>Para evitar qualquer problema com a sua compra, ao realizar o pedido, fique atento:<br \/>Descri\u00e7\u00e3o do produto.<br \/>Onde ali se encontra, tamanho, peso etc.<\/p><p>As solicita\u00e7\u00f5es de desist\u00eancia da compra ser\u00e3o aceita desde que a mercadoria seja devolvida ao remetente, com as pe\u00e7as embaladas dentro da sua embalagem original sem que tenha sido utilizada.<\/p><p>Entre em contato conosco para mais esclarecimentos:<\/p><p>Atendimento de segunda a sexta das 9 \u00e0s 18hrs e aos s\u00e1bados das 9 \u00e0s 16hrs\u00a0<\/p><p><strong>(82) 99699-7368 <\/strong><\/p><p><strong>contato@artpen.com.br<\/strong><\/p><p><!-- \/wp:paragraph --><\/p>\t\t\t\t\t\t<\/div>\n\t\t\t\t<\/div>\n\t\t\t\t\t<\/div>\n\t\t\t\t<\/div>\n\t\t\t\t\t\t<\/div>\n\t\t\t\t<\/section>\n\t\t\t\t\t\t\t<\/div>\n\t\t","protected":false},"excerpt":{"rendered":"<p>Devolu\u00e7\u00f5es Nosso compromisso \u00e9 com sua total satisfa\u00e7\u00e3o nas compras realizadas em nosso site. Visando \u00e0 uma parceria de respeito e confian\u00e7a, possu\u00edmos a Pol\u00edtica de Devolu\u00e7\u00e3o, com base no C\u00f3digo de Defesa do Consumidor.Para evitar qualquer problema com a sua compra, ao realizar o pedido, fique atento:Descri\u00e7\u00e3o do produto.Onde ali se encontra, tamanho, peso [&hellip;]<\/p>\n","protected":false},"author":1,"featured_media":0,"parent":0,"menu_order":0,"comment_status":"closed","ping_status":"closed","template":"","meta":{"_mo_disable_npp":"","footnotes":""},"class_list":["post-1129","page","type-page","status-publish","hentry"],"_links":{"self":[{"href":"https:\/\/artpen.com.br\/loja\/wp-json\/wp\/v2\/pages\/1129","targetHints":{"allow":["GET"]}}],"collection":[{"href":"https:\/\/artpen.com.br\/loja\/wp-json\/wp\/v2\/pages"}],"about":[{"href":"https:\/\/artpen.com.br\/loja\/wp-json\/wp\/v2\/types\/page"}],"author":[{"embeddable":true,"href":"https:\/\/artpen.com.br\/loja\/wp-json\/wp\/v2\/users\/1"}],"replies":[{"embeddable":true,"href":"https:\/\/artpen.com.br\/loja\/wp-json\/wp\/v2\/comments?post=1129"}],"version-history":[{"count":12,"href":"https:\/\/artpen.com.br\/loja\/wp-json\/wp\/v2\/pages\/1129\/revisions"}],"predecessor-version":[{"id":1143,"href":"https:\/\/artpen.com.br\/loja\/wp-json\/wp\/v2\/pages\/1129\/revisions\/1143"}],"wp:attachment":[{"href":"https:\/\/artpen.com.br\/loja\/wp-json\/wp\/v2\/media?parent=1129"}],"curies":[{"name":"wp","href":"https:\/\/api.w.org\/{rel}","templated":true}]}}